{"id":1541,"date":"2024-04-10T08:32:38","date_gmt":"2024-04-10T06:32:38","guid":{"rendered":"http:\/\/localhost\/wordpress\/?page_id=1541"},"modified":"2025-09-04T18:33:01","modified_gmt":"2025-09-04T16:33:01","slug":"automatisch-gespeicherter-entwurf","status":"publish","type":"page","link":"https:\/\/foerderverein-herzzentrum-saar.de\/?page_id=1541","title":{"rendered":"Impressum"},"content":{"rendered":"<div class=\"wp-block-columns\">\r\n<div class=\"wp-block-column\" style=\"flex-basis: 100%;\">\r\n<div class=\"container\">\r\n<p class=\"auto-style5\"><span class=\"auto-style4\"><strong>Impressum<\/strong><\/span> <span class=\"auto-style2\">Angaben gem\u00e4\u00df \u00a7 5 TMG<\/span><br class=\"auto-style4\" \/><span class=\"auto-style4\">Gesellschaft zur F\u00f6rderung des HerzZentrums Saar e.V.<\/span><br class=\"auto-style4\" \/><span class=\"auto-style4\">c\/o Gesch\u00e4ftsstelle<\/span><br class=\"auto-style4\" \/><span class=\"auto-style4\">Provinzialstrasse 167<\/span><br class=\"auto-style4\" \/><span class=\"auto-style4\">66740 Saarlouis\/Lisdorf<\/span><br class=\"auto-style4\" \/><br class=\"auto-style4\" \/><span class=\"auto-style4\"> <strong>Vertreten durch: <\/strong><\/span><br class=\"auto-style4\" \/><span class=\"auto-style4\">Dr. Klaus-Dieter Heib (1.Vorsitzender)<\/span><br class=\"auto-style4\" \/><span class=\"auto-style4\">Paul Quirin (Stv.Vorsitzender)<\/span><br class=\"auto-style4\" \/><span class=\"auto-style4\">Gabriele Haser (Gesch\u00e4ftsf\u00fchrerin)<\/span><br class=\"auto-style4\" \/><br class=\"auto-style4\" \/><span class=\"auto-style4\"> <strong>Kontakt:<\/strong><\/span><br class=\"auto-style4\" \/><span class=\"auto-style4\">E-Mail: Info@foerderverein-herzzentrum-saar.de<\/span><br class=\"auto-style4\" \/><span class=\"auto-style1\"><span class=\"auto-style3\">Internet: www.foerderverein-herzzentrum-saar.de<\/span><\/span><br class=\"auto-style4\" \/><br \/><span class=\"auto-style4\"><strong>Registereintrag: <\/strong><\/span> <br class=\"auto-style4\" \/><span class=\"auto-style4\">Eintragung im Vereinsregister<\/span><br class=\"auto-style4\" \/><span class=\"auto-style4\">Registergericht: V\u00f6lklingen<\/span><br class=\"auto-style4\" \/><span class=\"auto-style4\">Registernummer: VR 733<\/span><br class=\"auto-style4\" \/><span class=\"auto-style4\"><strong>Verantwortlich f\u00fcr den Inhalt nach \u00a7 55 Abs. 2 RStV:<\/strong><\/span><br class=\"auto-style4\" \/><span class=\"auto-style4\">Der Vorstand (s.o) <\/span> <br class=\"auto-style4\" \/><br class=\"auto-style4\" \/><span class=\"auto-style4\"> <strong>Haftungsausschluss: <\/strong><\/span><br class=\"auto-style4\" \/><span class=\"auto-style4\"><strong>Haftung f\u00fcr Inhalte<\/strong><\/span><br class=\"auto-style4\" \/><span class=\"auto-style4\">Die Inhalte unserer Seiten wurden mit gr\u00f6\u00dfter Sorgfalt erstellt. F\u00fcr die Richtigkeit, Vollst\u00e4ndigkeit und Aktualit\u00e4t der Inhalte k\u00f6nnen wir jedoch keine Gew\u00e4hr \u00fcbernehmen. Als Diensteanbieter sind wir gem\u00e4\u00df \u00a7 7 Abs.1 TMG f\u00fcr eigene Inhalte auf diesen Seiten nach den allgemeinen Gesetzen verantwortlich. Nach \u00a7\u00a7 8 bis 10 TMG sind wir als Diensteanbieter jedoch nicht verpflichtet, \u00fcbermittelte oder gespeicherte fremde Informationen zu \u00fcberwachen oder nach Umst\u00e4nden zu forschen, die auf eine rechtswidrige T\u00e4tigkeit hinweisen. Verpflichtungen zur Entfernung oder Sperrung der Nutzung von Informationen nach den allgemeinen Gesetzen bleiben hiervon unber\u00fchrt. Eine diesbez\u00fcgliche Haftung ist jedoch erst ab dem Zeitpunkt der Kenntnis einer konkreten Rechtsverletzung m\u00f6glich. Bei Bekanntwerden von entsprechenden Rechtsverletzungen werden wir diese Inhalte umgehend entfernen.<\/span><br class=\"auto-style4\" \/><br class=\"auto-style4\" \/><span class=\"auto-style4\"><strong>Haftung f\u00fcr Links<\/strong><\/span><br class=\"auto-style4\" \/><span class=\"auto-style4\">Unser Angebot enth\u00e4lt Links zu externen Webseiten Dritter, auf deren Inhalte wir keinen Einfluss haben. Deshalb k\u00f6nnen wir f\u00fcr diese fremden Inhalte auch keine Gew\u00e4hr \u00fcbernehmen. F\u00fcr die Inhalte der verlinkten Seiten ist stets der jeweilige Anbieter oder Betreiber der Seiten verantwortlich. Die verlinkten Seiten wurden zum Zeitpunkt der Verlinkung auf m\u00f6gliche Rechtsverst\u00f6\u00dfe \u00fcberpr\u00fcft. Rechtswidrige Inhalte waren zum Zeitpunkt der Verlinkung nicht erkennbar. Eine permanente inhaltliche Kontrolle der verlinkten Seiten ist jedoch ohne konkrete Anhaltspunkte einer Rechtsverletzung nicht zumutbar. Bei Bekanntwerden von Rechtsverletzungen werden wir derartige Links umgehend entfernen.<\/span><br class=\"auto-style4\" \/><br class=\"auto-style4\" \/><span class=\"auto-style4\"><strong>Urheberrecht<\/strong><\/span><br class=\"auto-style4\" \/><span class=\"auto-style4\">Die durch die Seitenbetreiber erstellten Inhalte und Werke auf diesen Seiten unterliegen dem deutschen Urheberrecht. Die Vervielf\u00e4ltigung, Bearbeitung, Verbreitung und jede Art der Verwertung au\u00dferhalb der Grenzen des Urheberrechtes bed\u00fcrfen der schriftlichen Zustimmung des jeweiligen Autors bzw. Erstellers. Downloads und Kopien dieser Seite sind nur f\u00fcr den privaten, nicht kommerziellen Gebrauch gestattet. Soweit die Inhalte auf dieser Seite nicht vom Betreiber erstellt wurden, werden die Urheberrechte Dritter beachtet. Insbesondere werden Inhalte Dritter als solche gekennzeichnet. Sollten Sie trotzdem auf eine Urheberrechtsverletzung aufmerksam werden, bitten wir um einen entsprechenden Hinweis. Bei Bekanntwerden von Rechtsverletzungen werden wir derartige Inhalte umgehend entfernen.<\/span><br class=\"auto-style4\" \/><br class=\"auto-style4\" \/><span class=\"auto-style4\"> Der Nutzung von im Rahmen der Impressumspflicht und Kontaktformular ver\u00f6ffentlichten Kontaktdaten durch Dritte zur \u00dcbersendung von nicht ausdr\u00fccklich angeforderter Werbung und Informationsmaterialien wird hiermit ausdr\u00fccklich widersprochen. Die Betreiber der Seiten behalten sich ausdr\u00fccklich rechtliche Schritte im Falle der unverlangten Zusendung von Werbeinformationen, etwa durch Spam-Mails, vor.<br class=\"auto-style4\" \/><\/span><\/p>\r\n<br class=\"auto-style4\" \/><span class=\"auto-style1\"><span class=\"auto-style3\">Website Impressum erstellt durch <\/span> <a href=\"http:\/\/www.impressum-generator.de\"> <span class=\"auto-style3\">impressum-generator.de<\/span><\/a><span class=\"auto-style3\"> von der <\/span> <a href=\"http:\/\/www.kanzlei-hasselbach.de\/\" rel=\"nofollow\"> <span class=\"auto-style3\">Kanzlei Hasselbach<\/span><\/a><\/span><\/div>\r\n<\/div>\r\n<\/div>\r\n<!-- \/wp:post-content --><!-- \/wp:freeform -->","protected":false},"excerpt":{"rendered":"<p>Impressum Angaben gem\u00e4\u00df \u00a7 5 TMGGesellschaft zur F\u00f6rderung des HerzZentrums Saar e.V.c\/o Gesch\u00e4ftsstelleProvinzialstrasse 16766740 Saarlouis\/Lisdorf Vertreten durch: Dr. Klaus-Dieter Heib (1.Vorsitzender)Paul Quirin (Stv.Vorsitzender)Gabriele Haser (Gesch\u00e4ftsf\u00fchrerin)&hellip;<\/p>\n","protected":false},"author":1,"featured_media":0,"parent":0,"menu_order":0,"comment_status":"closed","ping_status":"closed","template":"","meta":{"footnotes":""},"class_list":["post-1541","page","type-page","status-publish","hentry"],"_links":{"self":[{"href":"https:\/\/foerderverein-herzzentrum-saar.de\/index.php?rest_route=\/wp\/v2\/pages\/1541","targetHints":{"allow":["GET"]}}],"collection":[{"href":"https:\/\/foerderverein-herzzentrum-saar.de\/index.php?rest_route=\/wp\/v2\/pages"}],"about":[{"href":"https:\/\/foerderverein-herzzentrum-saar.de\/index.php?rest_route=\/wp\/v2\/types\/page"}],"author":[{"embeddable":true,"href":"https:\/\/foerderverein-herzzentrum-saar.de\/index.php?rest_route=\/wp\/v2\/users\/1"}],"replies":[{"embeddable":true,"href":"https:\/\/foerderverein-herzzentrum-saar.de\/index.php?rest_route=%2Fwp%2Fv2%2Fcomments&post=1541"}],"version-history":[{"count":3,"href":"https:\/\/foerderverein-herzzentrum-saar.de\/index.php?rest_route=\/wp\/v2\/pages\/1541\/revisions"}],"predecessor-version":[{"id":3933,"href":"https:\/\/foerderverein-herzzentrum-saar.de\/index.php?rest_route=\/wp\/v2\/pages\/1541\/revisions\/3933"}],"wp:attachment":[{"href":"https:\/\/foerderverein-herzzentrum-saar.de\/index.php?rest_route=%2Fwp%2Fv2%2Fmedia&parent=1541"}],"curies":[{"name":"wp","href":"https:\/\/api.w.org\/{rel}","templated":true}]}}