{"id":1686,"date":"2024-04-11T12:55:47","date_gmt":"2024-04-11T10:55:47","guid":{"rendered":"http:\/\/localhost\/wordpress\/?page_id=1686"},"modified":"2025-11-01T19:28:41","modified_gmt":"2025-11-01T18:28:41","slug":"geschaeftsstelle","status":"publish","type":"page","link":"https:\/\/foerderverein-herzzentrum-saar.de\/?page_id=1686","title":{"rendered":"Satzung"},"content":{"rendered":"\r\n<div class=\"wp-block-columns is-layout-flex wp-container-core-columns-is-layout-9d6595d7 wp-block-columns-is-layout-flex\">\r\n<div class=\"wp-block-column is-layout-flow wp-block-column-is-layout-flow\" style=\"flex-basis: 33.33%;\">\r\n<p>Die vollst\u00e4ndige Satzung steht<br \/>Ihnen <a href=\"\/wordpresshz\/user\/Doku\/Satzung_ab_1.7.23.pdf\" target=\"_blank\" rel=\"noreferrer noopener\"><strong>hier<\/strong><\/a> als PDF zur Verf\u00fcgung.<\/p>\r\n<\/div>\r\n\r\n\r\n\r\n<div class=\"wp-block-column is-layout-flow wp-block-column-is-layout-flow\" style=\"flex-basis: 66.66%;\">\r\n<p>SATZUNG (Auszug)<\/p>\r\n\r\n\r\n\r\n<p><strong>\u00a7 1<\/strong><\/p>\r\n\r\n\r\n\r\n<p><strong>Name und Sitz des Vereins, Gesch\u00e4ftsjahr<\/strong><\/p>\r\n\r\n\r\n\r\n<ul class=\"wp-block-list\">\r\n<li>Der Verein f\u00fchrt den Namen \u201eGesellschaft zur F\u00f6rderung des HerzZentrums Saar e.V.\u201c.<\/li>\r\n<\/ul>\r\n\r\n\r\n\r\n<ul class=\"wp-block-list\">\r\n<li>Der Verein hat seinen Sitz in 66333 V\u00f6lklingen, Richardstrasse 5 \u2013 9 (SHG-Kliniken)<br \/>und ist in das Vereinsregister des Amtsgerichtes V\u00f6lklingen eingetragen.<\/li>\r\n<\/ul>\r\n\r\n\r\n\r\n<ul class=\"wp-block-list\">\r\n<li>Gesch\u00e4ftsjahr des Vereins ist das Kalenderjahr.<\/li>\r\n<\/ul>\r\n\r\n\r\n\r\n<p><strong>\u00a7 2<\/strong><\/p>\r\n\r\n\r\n\r\n<p><strong>Zweck des Vereins<\/strong><\/p>\r\n\r\n\r\n\r\n<ul class=\"wp-block-list\">\r\n<li>Der Verein verfolgt ausschlie\u00dflich und unmittelbar gemeinn\u00fctzige Zwecke im Sinne des Abschnitts \u201eSteuerbeg\u00fcnstigte Zwecke\u201c der Abgabenordnung.<\/li>\r\n<\/ul>\r\n\r\n\r\n\r\n<ul class=\"wp-block-list\">\r\n<li>Zweck des Vereins ist es, das HerzZentrum Saar au\u00dferhalb des Sozialgesetzbuch zu f\u00f6rdern und in technischen, apparativen, wissenschaftlichen und ideellen Bereichen zu unterst\u00fctzen.<\/li>\r\n<\/ul>\r\n\r\n\r\n\r\n<p><br \/>Hierzu z\u00e4hlen insbesondere:<\/p>\r\n\r\n\r\n\r\n<ul class=\"wp-block-list\">\r\n<li>F\u00f6rderung des HerzZentrums Saar in Klinik und Praxis<\/li>\r\n\r\n\r\n\r\n<li>F\u00f6rderung klinisch-wissenschaftlicher Arbeiten auf allen Gebieten der Herz- und Kreislaufforschung<\/li>\r\n\r\n\r\n\r\n<li>F\u00f6rderung der Zusammenarbeit zwischen dem HerzZentrum Saar und den in der Region in entsprechenden Fachbereichen t\u00e4tigen \u00c4rztinnen und \u00c4rzten<\/li>\r\n\r\n\r\n\r\n<li>F\u00f6rderung von Tagungen und Veranstaltungen sowie Ver\u00f6ffentlichungen von Referaten, Vortr\u00e4gen und wissenschaftlichen Arbeiten aus den entsprechenden Fachbereichen<\/li>\r\n\r\n\r\n\r\n<li>Informationen der \u00d6ffentlichkeit \u00fcber Herz- und Kreislauferkrankungen<\/li>\r\n\r\n\r\n\r\n<li>F\u00f6rderung von Selbsthilfegruppen von Patienten<\/li>\r\n\r\n\r\n\r\n<li><strong>Der Verein unterst\u00fctzt die Aktivit\u00e4ten der Psychokardiologie<\/strong><\/li>\r\n<\/ul>\r\n\r\n\r\n\r\n<ul class=\"wp-block-list\">\r\n<li>Der Verein ist selbstlos t\u00e4tig; er verfolgt keine eigenwirtschaftlichen Zwecke. Mittel der Vereins d\u00fcrfen nur f\u00fcr die satzungsm\u00e4\u00dfigen Zwecke verwendet werden. Die Mitglieder erhalten keine Zuwendungen aus Mitteln des Vereins. Ausnahme davon ist die Erstattung von Auslagen, die Vereinsmitglieder bei der Aus\u00fcbung von dem Satzungszweck entsprechenden T\u00e4tigkeiten entstehen, soweit diese T\u00e4tigkeiten im Auftrag des Vorstandes ausge\u00fcbt werden. Niemand darf durch Ausgaben, die dem Zweck des Vereins fremd sind, oder durch unverh\u00e4ltnism\u00e4\u00dfig hohe Verg\u00fctungen beg\u00fcnstigt werden.<\/li>\r\n<\/ul>\r\n\r\n\r\n\r\n<ul class=\"wp-block-list\">\r\n<li>Bei Aufl\u00f6sung des Vereins oder bei Wegfall des steuerbeg\u00fcnstigten Zweckes f\u00e4llt das Verm\u00f6gen des Vereins an die Saarland-Heilst\u00e4tten GmbH \u2013 HerzZentrum Saar \u2013 mit der Auflage, die Mittel ausschlie\u00dflich zu steuerbeg\u00fcnstigten Zwecken zu verwenden.<\/li>\r\n<\/ul>\r\n\r\n\r\n\r\n<ul class=\"wp-block-list\">\r\n<li>Alle Inhaber von Vereins\u00e4mtern sind ehrenamtlich t\u00e4tig.<br \/><br \/><\/li>\r\n<\/ul>\r\n<\/div>\r\n<\/div>\r\n","protected":false},"excerpt":{"rendered":"<p>Die vollst\u00e4ndige Satzung stehtIhnen hier als PDF zur Verf\u00fcgung. SATZUNG (Auszug) \u00a7 1 Name und Sitz des Vereins, Gesch\u00e4ftsjahr \u00a7 2 Zweck des Vereins Hierzu&hellip;<\/p>\n","protected":false},"author":1,"featured_media":0,"parent":0,"menu_order":0,"comment_status":"closed","ping_status":"closed","template":"","meta":{"footnotes":""},"class_list":["post-1686","page","type-page","status-publish","hentry"],"_links":{"self":[{"href":"https:\/\/foerderverein-herzzentrum-saar.de\/index.php?rest_route=\/wp\/v2\/pages\/1686","targetHints":{"allow":["GET"]}}],"collection":[{"href":"https:\/\/foerderverein-herzzentrum-saar.de\/index.php?rest_route=\/wp\/v2\/pages"}],"about":[{"href":"https:\/\/foerderverein-herzzentrum-saar.de\/index.php?rest_route=\/wp\/v2\/types\/page"}],"author":[{"embeddable":true,"href":"https:\/\/foerderverein-herzzentrum-saar.de\/index.php?rest_route=\/wp\/v2\/users\/1"}],"replies":[{"embeddable":true,"href":"https:\/\/foerderverein-herzzentrum-saar.de\/index.php?rest_route=%2Fwp%2Fv2%2Fcomments&post=1686"}],"version-history":[{"count":22,"href":"https:\/\/foerderverein-herzzentrum-saar.de\/index.php?rest_route=\/wp\/v2\/pages\/1686\/revisions"}],"predecessor-version":[{"id":4082,"href":"https:\/\/foerderverein-herzzentrum-saar.de\/index.php?rest_route=\/wp\/v2\/pages\/1686\/revisions\/4082"}],"wp:attachment":[{"href":"https:\/\/foerderverein-herzzentrum-saar.de\/index.php?rest_route=%2Fwp%2Fv2%2Fmedia&parent=1686"}],"curies":[{"name":"wp","href":"https:\/\/api.w.org\/{rel}","templated":true}]}}