{"id":170,"date":"2024-04-05T12:59:07","date_gmt":"2024-04-05T10:59:07","guid":{"rendered":"http:\/\/localhost\/wordpress\/?page_id=170"},"modified":"2026-04-03T14:25:11","modified_gmt":"2026-04-03T12:25:11","slug":"170-2","status":"publish","type":"page","link":"https:\/\/foerderverein-herzzentrum-saar.de\/","title":{"rendered":"Home"},"content":{"rendered":"\r\n<div class=\"wp-block-columns is-layout-flex wp-container-core-columns-is-layout-9d6595d7 wp-block-columns-is-layout-flex\">\r\n<div class=\"wp-block-column is-layout-flow wp-block-column-is-layout-flow\" style=\"flex-basis:33.33%\">\r\n<figure class=\"wp-block-image size-full\"><img loading=\"lazy\" decoding=\"async\" width=\"367\" height=\"341\" src=\".\/wordpresshz\/wp-content\/uploads\/2025\/09\/HerzZentrum.gif\" alt=\"\" class=\"wp-image-3756\"\/><\/figure>\r\n<\/div>\r\n\r\n\r\n\r\n<div class=\"wp-block-column is-layout-flow wp-block-column-is-layout-flow\" style=\"flex-basis:66.67%\">\r\n<p><strong>Von Herzen helfen<br><\/strong><br>\u2026so lautet das Selbstverst\u00e4ndnis der Gesellschaft zur F\u00f6rderung des HerzZentrums Saar e.V.&nbsp;<br>&nbsp;&nbsp;&nbsp;&nbsp;&nbsp;&nbsp;<br>Wir unterst\u00fctzen das Zentrum finanziell im technischen, apparativen,wissenschaftlichen und ideellen Bereich.<br>Das Herz <img loading=\"lazy\" decoding=\"async\" height=\"20\" width=\"22\" src=\".\/wordpresshz\/wp-content\/uploads\/2025\/09\/Logo_klein.png\" alt=\"Logo_klein\"> Zentrum Saar hat sich in den letzten Jahren einen hervorragenden medizinischen Ruf erworben. Mit unserer F\u00f6rderung wollen wir die kompetente Arbeit des Klinikums optimieren. Dabei geht es uns ausschlie\u00dflich um das Wohl der Patientinnen und Patienten.Denn die Gesundheit liegt uns am Herzen!<br><br>Ihnen auch?! Dann werden Sie Mitglied in unserem Verein und unterst\u00fctzen Sie so das HerzZentrum Saar mit Ihrem Beitrag und auch mit Ihrer Spende. Erz\u00e4hlen Sie Ihren Bekannten davon,&nbsp;denn damit unterst\u00fctzen Sie unsere Arbeit und helfen vielen kranken Menschen.<br><br>Daf\u00fcr sagen wir jetzt schon \u201eDanke\u201d.<\/p>\r\n\r\n\r\n\r\n<p>Wenn Sie Mitglied werden m\u00f6chten, klicken Sie bitte <a href=\".\/?page_id=3941\">hier<\/a><br>Weitere Info\u2019s finden Sie in unserem <a href=\"\/wordpresshz\/user\/Doku\/Mitgliedsantrag1.pdf\" target=\"_blank\" rel=\"noreferrer noopener\"><strong>s. Flyer<\/strong>.<\/a><\/p>\r\n<br><span style=\"color: red;\">\r\n<b>Patientenseminar am Mittwoch, 6. Mai 2026, 16.30 bis 19.30 Uhr im Kongresszentrum f\u00fcr Patientinnen und Patienten, Angeh\u00f6rige und Interessierte. <a href=\"\/wordpresshz\/user\/VA\/Flyer_Patientenseminar_Mai_2026.pdf\" target=\"_blank\" rel=\"noreferrer noopener\"><strong>s. Flyer<\/strong>.<\/a><\/p><\/b><\/span>\r\n\r\n\r\n<\/div>\r\n<\/div>\r\n\r\n\r\n\r\n<p><\/p>\r\n","protected":false},"excerpt":{"rendered":"<p>Von Herzen helfen\u2026so lautet das Selbstverst\u00e4ndnis der Gesellschaft zur F\u00f6rderung des HerzZentrums Saar e.V.&nbsp;&nbsp;&nbsp;&nbsp;&nbsp;&nbsp;&nbsp;Wir unterst\u00fctzen das Zentrum finanziell im technischen, apparativen,wissenschaftlichen und ideellen Bereich.Das Herz&hellip;<\/p>\n","protected":false},"author":1,"featured_media":0,"parent":0,"menu_order":0,"comment_status":"closed","ping_status":"closed","template":"","meta":{"footnotes":""},"class_list":["post-170","page","type-page","status-publish","hentry"],"_links":{"self":[{"href":"https:\/\/foerderverein-herzzentrum-saar.de\/index.php?rest_route=\/wp\/v2\/pages\/170","targetHints":{"allow":["GET"]}}],"collection":[{"href":"https:\/\/foerderverein-herzzentrum-saar.de\/index.php?rest_route=\/wp\/v2\/pages"}],"about":[{"href":"https:\/\/foerderverein-herzzentrum-saar.de\/index.php?rest_route=\/wp\/v2\/types\/page"}],"author":[{"embeddable":true,"href":"https:\/\/foerderverein-herzzentrum-saar.de\/index.php?rest_route=\/wp\/v2\/users\/1"}],"replies":[{"embeddable":true,"href":"https:\/\/foerderverein-herzzentrum-saar.de\/index.php?rest_route=%2Fwp%2Fv2%2Fcomments&post=170"}],"version-history":[{"count":45,"href":"https:\/\/foerderverein-herzzentrum-saar.de\/index.php?rest_route=\/wp\/v2\/pages\/170\/revisions"}],"predecessor-version":[{"id":4145,"href":"https:\/\/foerderverein-herzzentrum-saar.de\/index.php?rest_route=\/wp\/v2\/pages\/170\/revisions\/4145"}],"wp:attachment":[{"href":"https:\/\/foerderverein-herzzentrum-saar.de\/index.php?rest_route=%2Fwp%2Fv2%2Fmedia&parent=170"}],"curies":[{"name":"wp","href":"https:\/\/api.w.org\/{rel}","templated":true}]}}