{"id":3709,"date":"2025-08-31T13:56:23","date_gmt":"2025-08-31T11:56:23","guid":{"rendered":"http:\/\/localhost\/wordpress\/?page_id=3709"},"modified":"2025-11-10T17:50:46","modified_gmt":"2025-11-10T16:50:46","slug":"downloads-fuer-mitglieder","status":"publish","type":"page","link":"https:\/\/foerderverein-herzzentrum-saar.de\/?page_id=3709","title":{"rendered":"Pressespiegel"},"content":{"rendered":"\r\n<div class=\"wp-block-columns is-layout-flex wp-container-core-columns-is-layout-9d6595d7 wp-block-columns-is-layout-flex\">\r\n<div class=\"wp-block-column is-layout-flow wp-block-column-is-layout-flow\" style=\"flex-basis:33.33%\"><h3>Ver\u00f6ffentlichungen Herzblatt<\/h3><ul><li><a href='.\/wordpresshz\/user\/Herzblatt\/Herzblatt_2025_12.pdf' target='_blank'>Herzblatt_2025_12.pdf<\/a><\/li><li><a href='.\/wordpresshz\/user\/Herzblatt\/Herzblatt_2025_07.pdf' target='_blank'>Herzblatt_2025_07.pdf<\/a><\/li><li><a href='.\/wordpresshz\/user\/Herzblatt\/Herzblatt_2024_12.pdf' target='_blank'>Herzblatt_2024_12.pdf<\/a><\/li><li><a href='.\/wordpresshz\/user\/Herzblatt\/Herzblatt_2024_05.pdf' target='_blank'>Herzblatt_2024_05.pdf<\/a><\/li><li><a href='.\/wordpresshz\/user\/Herzblatt\/Herzblatt_2023_12.pdf' target='_blank'>Herzblatt_2023_12.pdf<\/a><\/li><li><a href='.\/wordpresshz\/user\/Herzblatt\/Herzblatt_2023_04.pdf' target='_blank'>Herzblatt_2023_04.pdf<\/a><\/li><li><a href='.\/wordpresshz\/user\/Herzblatt\/Herzblatt_2022_05.pdf' target='_blank'>Herzblatt_2022_05.pdf<\/a><\/li><li><a href='.\/wordpresshz\/user\/Herzblatt\/Herzblatt_2021_12.pdf' target='_blank'>Herzblatt_2021_12.pdf<\/a><\/li><li><a href='.\/wordpresshz\/user\/Herzblatt\/Herzblatt_2021_05.pdf' target='_blank'>Herzblatt_2021_05.pdf<\/a><\/li><li><a href='.\/wordpresshz\/user\/Herzblatt\/Herzblatt_2020_12.pdf' target='_blank'>Herzblatt_2020_12.pdf<\/a><\/li><li><a href='.\/wordpresshz\/user\/Herzblatt\/Herzblatt_2020_04.pdf' target='_blank'>Herzblatt_2020_04.pdf<\/a><\/li><li><a href='.\/wordpresshz\/user\/Herzblatt\/Herzblatt_2019_12.pdf' target='_blank'>Herzblatt_2019_12.pdf<\/a><\/li><li><a href='.\/wordpresshz\/user\/Herzblatt\/Herzblatt_2019_05.pdf' target='_blank'>Herzblatt_2019_05.pdf<\/a><\/li><li><a href='.\/wordpresshz\/user\/Herzblatt\/Herzblatt_2018_11.pdf' target='_blank'>Herzblatt_2018_11.pdf<\/a><\/li><\/ul>\n<\/div>\r\n\r\n\r\n\r\n<div class=\"wp-block-column is-layout-flow wp-block-column-is-layout-flow\" style=\"flex-basis:66.66%\">\r\n<p><strong>Mitgliederversammlung am 24.01.2024<\/strong><br><strong><br><\/strong>Am 24.01.2024 fand die Mitgliederversammlung mit Neuwahl des Vorstandes statt. Die gew\u00e4hlten Vorstandsmitglieder entnehmen Sie bitte der Seite \u201eVorstand\u201c dieser Homepage.<br><br>Neben dem Bericht des Vorstandes (dieser wird den Mitgliedern per Post \u00fcbermittelt) informierten die Herren C\u00c4 Dr. Gatto und Hakim-Maibodi \u00fcber Neues aus dem HerzZentrum.<br><br>Die Berichte finden Sie unter den nachstehenden Links:<br><br><a href=\"\/wordpresshz\/user\/Doku\/Vortrag_Gatto.pdf\"><u>Vortrag_Gatto.pdf<\/u><\/a><br><br><a href=\"\/wordpresshz\/user\/Doku\/Vortrag_Meibodi.pdf\" target=\"_blank\" rel=\"noreferrer noopener\"><u>Vortrag_Maibodi.pdf<\/u><\/a><\/p>\r\n<\/div>\r\n<\/div>\r\n\r\n\r\n\r\n<p><\/p>\r\n","protected":false},"excerpt":{"rendered":"<p>Mitgliederversammlung am 24.01.2024Am 24.01.2024 fand die Mitgliederversammlung mit Neuwahl des Vorstandes statt. Die gew\u00e4hlten Vorstandsmitglieder entnehmen Sie bitte der Seite \u201eVorstand\u201c dieser Homepage. Neben dem&hellip;<\/p>\n","protected":false},"author":1,"featured_media":0,"parent":0,"menu_order":0,"comment_status":"closed","ping_status":"closed","template":"","meta":{"footnotes":""},"class_list":["post-3709","page","type-page","status-publish","hentry"],"_links":{"self":[{"href":"https:\/\/foerderverein-herzzentrum-saar.de\/index.php?rest_route=\/wp\/v2\/pages\/3709","targetHints":{"allow":["GET"]}}],"collection":[{"href":"https:\/\/foerderverein-herzzentrum-saar.de\/index.php?rest_route=\/wp\/v2\/pages"}],"about":[{"href":"https:\/\/foerderverein-herzzentrum-saar.de\/index.php?rest_route=\/wp\/v2\/types\/page"}],"author":[{"embeddable":true,"href":"https:\/\/foerderverein-herzzentrum-saar.de\/index.php?rest_route=\/wp\/v2\/users\/1"}],"replies":[{"embeddable":true,"href":"https:\/\/foerderverein-herzzentrum-saar.de\/index.php?rest_route=%2Fwp%2Fv2%2Fcomments&post=3709"}],"version-history":[{"count":14,"href":"https:\/\/foerderverein-herzzentrum-saar.de\/index.php?rest_route=\/wp\/v2\/pages\/3709\/revisions"}],"predecessor-version":[{"id":4087,"href":"https:\/\/foerderverein-herzzentrum-saar.de\/index.php?rest_route=\/wp\/v2\/pages\/3709\/revisions\/4087"}],"wp:attachment":[{"href":"https:\/\/foerderverein-herzzentrum-saar.de\/index.php?rest_route=%2Fwp%2Fv2%2Fmedia&parent=3709"}],"curies":[{"name":"wp","href":"https:\/\/api.w.org\/{rel}","templated":true}]}}