{"id":493,"date":"2024-04-06T18:06:08","date_gmt":"2024-04-06T16:06:08","guid":{"rendered":"http:\/\/localhost\/wordpress\/?page_id=493"},"modified":"2025-09-04T18:40:03","modified_gmt":"2025-09-04T16:40:03","slug":"datenschutz","status":"publish","type":"page","link":"https:\/\/foerderverein-herzzentrum-saar.de\/?page_id=493","title":{"rendered":"Datenschutz"},"content":{"rendered":"<p><strong>Datenschutz<\/strong><\/p>\n<ol>\n<li><strong> Datenschutz auf einen Blick<\/strong><\/li>\n<\/ol>\n<p><strong>Allgemeine Hinweise<br \/>\n<\/strong>Die folgenden Hinweise geben einen einfachen \u00dcberblick dar\u00fcber, was mit Ihren personenbezogenen Daten passiert, wenn Sie unsere Website besuchen. Personenbezogene Daten sind alle Daten, mit denen Sie pers\u00f6nlich identifiziert werden k\u00f6nnen. Ausf\u00fchrliche Informationen zum Thema Datenschutz entnehmen Sie unserer unter diesem Text aufgef\u00fchrten Datenschutzerkl\u00e4rung.<\/p>\n<ol start=\"2\">\n<li><strong> Datenerfassung auf unserer Website<\/strong><\/li>\n<\/ol>\n<p><strong>Wie erfassen wir Ihre Daten?<br \/>\n<\/strong>Ihre Daten werden zum einen dadurch erhoben, dass Sie uns diese \u00fcber den Mitgliedsantrag oder das Kontaktformular mitteilen.<br \/>\nUm ferner Ihren Besuch so benutzerfreundlich wie m\u00f6glich zu gestalten und s\u00e4mtliche verf\u00fcgbaren Funktionen anbieten zu k\u00f6nnen, erheben wir eine Reihe von Daten und Informationen des Ger\u00e4ts, mit dem Sie unsere Website aufgerufen haben. Dabei handelt es sich um folgende Daten:<\/p>\n<ul>\n<li>IP-Adresse<\/li>\n<li>Betriebssystem<\/li>\n<li>Browsertyp und -version<\/li>\n<li>Datum und Uhrzeit des Zugriffs<\/li>\n<li>Ihre Kontaktdaten \/ Antragsdaten gem\u00e4\u00df Mitgliedsantrag bzw. Kontaktformular<\/li>\n<\/ul>\n<p>Eine Auswertung dieser Daten zu Marketingzwecken findet in diesem Zusammenhang nicht statt.<\/p>\n<p><strong>Cookies<br \/>\n<\/strong>Die Internetseiten verwenden teilweise so genannte Cookies. Cookies richten auf Ihrem Rechner keinen Schaden an und enthalten keine Viren. Cookies dienen dazu, unser Angebot nutzerfreundlicher, effektiver und sicherer zu machen. Cookies sind kleine Textdateien, die auf Ihrem Rechner abgelegt werden und die Ihr Browser speichert.<\/p>\n<p>Alle personenbezogenen Daten, die wir w\u00e4hrend Ihres Besuchs durch den Einsatz von Sitzungs-Cookies gesammelt haben, werden automatisch gel\u00f6scht, sobald der Zweck f\u00fcr ihre Erhebung erf\u00fcllt ist. Die Sitzungsdaten werden demnach so lange gespeichert, bis Sie Ihre Sitzung beenden (durch das Verlassen bzw. Schlie\u00dfen der Website).<\/p>\n<p>Sie k\u00f6nnen Ihren Browser so einstellen, dass Sie \u00fcber das Setzen von Cookies informiert werden und Cookies nur im Einzelfall erlauben, die Annahme von Cookies f\u00fcr bestimmte F\u00e4lle oder generell ausschlie\u00dfen sowie das automatische L\u00f6schen der Cookies beim Schlie\u00dfen des Browser aktivieren. Bei der Deaktivierung von Cookies kann die Funktionalit\u00e4t dieser Website eingeschr\u00e4nkt sein.<\/p>\n<p><strong>Server-Log-Dateien<br \/>\n<\/strong>Der Provider der Seiten erhebt und speichert automatisch Informationen in so genannten Server-Log-Dateien, die Ihr Browser automatisch an uns \u00fcbermittelt. Dies sind:<\/p>\n<ul>\n<li>Browsertyp und Browserversion<\/li>\n<li>verwendetes Betriebssystem<\/li>\n<li>Referrer URL<\/li>\n<li>Hostname des zugreifenden Rechners<\/li>\n<li>Uhrzeit der Serveranfrage<\/li>\n<li>IP-Adresse<\/li>\n<\/ul>\n<p>Eine Zusammenf\u00fchrung dieser Daten mit anderen Datenquellen wird nicht vorgenommen.<\/p>\n<p><strong>Kontaktformular \/ Mitgliedsantrag<br \/>\n<\/strong>Wenn Sie uns per Kontaktformular Anfragen bzw. Ihren Mitgliedsantrag zukommen lassen, werden Ihre Angaben aus dem Formular inklusive der von Ihnen dort angegebenen Daten zwecks Bearbeitung der Anfrage bzw. Ihres Antrages und f\u00fcr den Fall von Anschlussfragen bei uns gespeichert. Diese Daten geben wir nicht ohne Ihre Einwilligung weiter.<\/p>\n<p>Die von Ihnen im Kontaktformular eingegebenen Daten verbleiben bei uns, bis Sie uns zur L\u00f6schung auffordern, Ihre Einwilligung zur Speicherung widerrufen oder der Zweck f\u00fcr die Datenspeicherung entf\u00e4llt (z.B. nach abgeschlossener Bearbeitung Ihrer Anfrage). Zwingende gesetzliche Bestimmungen \u2013 insbesondere Aufbewahrungsfristen \u2013 bleiben unber\u00fchrt. Die Daten aus dem Mitgliedsantrag werden nach Beendigung Ihrer Mitgliedschaft unmittelbar gel\u00f6scht.<\/p>\n<p><strong>Angabe der Datenspeicherungsdauer<\/strong><strong><br \/>\n<\/strong>Alle personenbezogenen Daten, die wir w\u00e4hrend Ihres Besuchs durch den Einsatz von Sitzungs-Cookies gesammelt haben, werden automatisch gel\u00f6scht, sobald der Zweck f\u00fcr ihre Erhebung erf\u00fcllt ist. Die Sitzungsdaten werden demnach so lange gespeichert, bis Sie Ihre Sitzung beenden (durch das Verlassen bzw. Schlie\u00dfen der Website).<\/p>\n<p><strong>Welche Rechte haben Sie bez\u00fcglich Ihrer Daten?<\/strong><br \/>\nSie haben jederzeit das Recht unentgeltlich Auskunft \u00fcber Herkunft, Empf\u00e4nger und Zweck Ihrer gespeicherten personenbezogenen Daten zu erhalten. Sie haben au\u00dferdem ein Recht, die Berichtigung, Sperrung oder L\u00f6schung dieser Daten zu verlangen. Hierzu sowie zu weiteren Fragen zum Thema Datenschutz k\u00f6nnen Sie sich jederzeit unter der im Impressum angegebenen Adresse an uns wenden. Des Weiteren steht Ihnen ein Beschwerderecht bei der zust\u00e4ndigen Aufsichtsbeh\u00f6rde zu.<\/p>\n<p><strong>Hinweis auf Betroffenenrechte<br \/>\n<\/strong>Im Sinne des DSGVO z\u00e4hlen Sie als Betroffener, wenn personenbezogene Daten, die Sie betreffen, von uns verarbeitet werden. Aus diesem Grund k\u00f6nnen Sie von verschiedenen Betroffenenrechten Gebrauch machen, die in der Datenschutz-Grundverordnung verankert sind. Hierbei handelt es sich um das Auskunftsrecht (Artikel 15 DSGVO), das Recht auf Berichtigung (Artikel 16 DSGVO), das Recht auf L\u00f6schung (Artikel 17 DSGVO), das Recht auf Einschr\u00e4nkung der Verarbeitung (Artikel 18 DSGVO), das Widerspruchsrecht (Artikel 21 DSGVO), das Recht auf Beschwerde bei einer Aufsichtsbeh\u00f6rde (Artikel 77 DSGVO) sowie das Recht auf Daten\u00fcbertragbarkeit (Artikel 20 DSGVO).<\/p>\n<p><strong>Aufkl\u00e4rung \u00fcber Datenerhebungspflicht<\/strong><br \/>\nDie Erhebung Ihrer personenbezogenen Daten ist f\u00fcr die Bearbeitung Ihres Mitgliedsantrages sowie zur Erf\u00fcllung vertraglicher Verpflichtungen und Serviceleistungen unabdingbar. Stellen Sie uns die angeforderten Informationen also nicht zur Verf\u00fcgung, ist eine Mitgliedschaft nicht m\u00f6glich.<\/p>\n<ol start=\"3\">\n<li><strong> Allgemeine Hinweise und Pflichtinformationen<\/strong><\/li>\n<\/ol>\n<p><strong>Datenschutz<br \/>\n<\/strong>Die Betreiber dieser Seiten nehmen den Schutz Ihrer pers\u00f6nlichen Daten sehr ernst. Wir behandeln Ihre personenbezogenen Daten vertraulich und entsprechend der gesetzlichen Datenschutzvorschriften sowie dieser Datenschutzerkl\u00e4rung.<\/p>\n<p><strong>Personenbezogene Daten<\/strong> sind Daten, mit denen Sie pers\u00f6nlich identifiziert werden k\u00f6nnen. Die vorliegende Datenschutzerkl\u00e4rung erl\u00e4utert, welche Daten wir erheben und wof\u00fcr wir sie nutzen. Sie erl\u00e4utert auch, wie und zu welchem Zweck das geschieht.<br \/>\nWir weisen darauf hin, dass die Daten\u00fcbertragung im Internet (z.B. bei der Kommunikation per E-Mail) Sicherheitsl\u00fccken aufweisen kann. Ein l\u00fcckenloser Schutz der Daten vor dem Zugriff durch Dritte ist nicht m\u00f6glich.<\/p>\n<p><strong>Hinweis zur verantwortlichen Stelle<br \/>\n<\/strong>Die verantwortliche Stelle f\u00fcr die Datenverarbeitung auf dieser Website ist:<br \/>\nGesellschaft zur F\u00f6rderung des HerzZentrums Saar e.V.<br \/>\nc\/o SHG-Kliniken V\u00f6lklingen<br \/>\nRichardstra\u00dfe 5-9<br \/>\n66333 V\u00f6klingen<br \/>\nVertreten durch:<br \/>\nDr. Klaus-Dieter Heib (1.Vorsitzender)<br \/>\nPaul Quirin (Stv.Vorsitzender)<br \/>\nGabriele Haser (Gesch\u00e4ftsf\u00fchrerin)<br \/>\nE-Mail: <a href=\"mailto:Info@foerderverein-herzzentrum-saar.de\">Info@foerderverein-herzzentrum-saar.de<\/a><\/p>\n<p>Verantwortliche Stelle ist die nat\u00fcrliche oder juristische Person, die allein oder gemeinsam mit anderen \u00fcber die Zwecke und Mittel der Verarbeitung von personenbezogenen Daten (z.B. Namen, E-Mail-Adressen o. \u00c4.) entscheidet.<\/p>\n<p><strong>Recht auf Daten\u00fcbertragbarkeit<br \/>\n<\/strong>Sie haben das Recht, Daten, die wir auf Grundlage Ihrer Einwilligung oder in Erf\u00fcllung der Mitgliedschaft automatisiert verarbeiten, an sich oder an einen Dritten in einem g\u00e4ngigen, maschinenlesbaren Format aush\u00e4ndigen zu lassen. Sofern Sie die direkte \u00dcbertragung der Daten an einen anderen Verantwortlichen verlangen, erfolgt dies nur, soweit es technisch machbar ist.<\/p>\n<p><strong>Widerruf Ihrer Einwilligung zur Datenverarbeitung<br \/>\n<\/strong>Viele Datenverarbeitungsvorg\u00e4nge sind nur mit Ihrer ausdr\u00fccklichen Einwilligung m\u00f6glich. Sie k\u00f6nnen eine bereits erteilte Einwilligung jederzeit widerrufen. Dazu reicht eine formlose Mitteilung per E-Mail an uns. Die Rechtm\u00e4\u00dfigkeit der bis zum Widerruf erfolgten Datenverarbeitung bleibt vom Widerruf unber\u00fchrt.<\/p>\n<p><strong>Auskunft, Sperrung, L\u00f6schung<br \/>\n<\/strong>Sie haben im Rahmen der geltenden gesetzlichen Bestimmungen jederzeit das Recht auf unentgeltliche Auskunft \u00fcber Ihre gespeicherten personenbezogenen Daten, deren Herkunft und Empf\u00e4nger und den Zweck der Datenverarbeitung und ggf. ein Recht auf Berichtigung, Sperrung oder L\u00f6schung dieser Daten. Hierzu sowie zu weiteren Fragen zum Thema personenbezogene Daten k\u00f6nnen Sie sich an die nachstehend angegebene Adresse wenden.<\/p>\n<p><strong>Datenschutzanfragen<\/strong><strong><br \/>\n<\/strong>E-Mail: <a href=\"mailto:Info@foerderverein-herzzentrum-saar.de\">Info@foerderverein-herzzentrum-saar.de<\/a><\/p>\n<p><strong>Beschwerderecht bei der zust\u00e4ndigen Aufsichtsbeh\u00f6rde<\/strong><br \/>\nIm Falle datenschutzrechtlicher Verst\u00f6\u00dfe steht dem Betroffenen ein Beschwerderecht bei der zust\u00e4ndigen Beh\u00f6rde zu.<\/p>\n<p><strong>Postanschrift:<br \/>\n<\/strong>Monika Grethel<br \/>\nDie Landesbeauftragte f\u00fcr Datenschutz und Informationsfreiheit<br \/>\nFritz-Dobisch-Stra\u00dfe 12<br \/>\n66111 Saarbr\u00fccken<br \/>\nTelefon: (0681) 94781-0<br \/>\nTelefax: (0681) 94781-29<br \/>\nE-Mail: <a href=\"mailto:poststelle@datenschutz.saarland.de\">poststelle@datenschutz.saarland.de<\/a><\/p>\n<p><strong>SSL- bzw. TLS-Verschl\u00fcsselung<br \/>\n<\/strong>Diese Seite nutzt aus Sicherheitsgr\u00fcnden und zum Schutz der \u00dcbertragung vertraulicher Inhalte, wie zum Beispiel Bestellungen oder Anfragen, die Sie an uns als Seitenbetreiber senden, eine SSL-bzw. TLS-Verschl\u00fcsselung. Eine verschl\u00fcsselte Verbindung erkennen Sie daran, dass die Adresszeile des Browsers von \u201chttp:\/\/\u201d auf \u201chttps:\/\/\u201d wechselt und an dem Schloss-Symbol in Ihrer Browserzeile.<br \/>\nWenn die SSL- bzw. TLS-Verschl\u00fcsselung aktiviert ist, k\u00f6nnen die Daten, die Sie an uns \u00fcbermitteln, nicht von Dritten mitgelesen werden. Sofern Sie die Seite nicht mit \u201ehttps:\/\/\u201c aufgerufen haben, erfolgt automatisch eine<br \/>\nWeiterleitung zur verschl\u00fcsselten Seite.<\/p>\n<ol start=\"4\">\n<li><strong> Hinweis zur Mitgliedschaft<\/strong><\/li>\n<\/ol>\n<p><strong>Erbringung unserer satzungs- und gesch\u00e4ftsgem\u00e4\u00dfen Leistungen<br \/>\n<\/strong>Wir verarbeiten die Daten unserer Mitglieder, Unterst\u00fctzer, Interessenten oder sonstiger Personen entsprechend Art. 6 Abs. 1 lit. b. DSGVO, sofern wir ihnen gegen\u00fcber vertragliche Leistungen anbieten oder im Rahmen bestehender gesch\u00e4ftlicher Beziehung, z.B. gegen\u00fcber Mitgliedern, t\u00e4tig werden oder selbst Empf\u00e4nger von Leistungen und Zuwendungen sind. Im \u00dcbrigen verarbeiten wir die Daten betroffener Personen gem. Art. 6 Abs. 1 lit. f. DSGVO auf Grundlage unserer berechtigten Interessen, z.B. wenn es sich um administrative Aufgaben oder \u00d6ffentlichkeitsarbeit handelt.<\/p>\n<p>Die hierbei verarbeiteten Daten, die Art, der Umfang und der Zweck und die Erforderlichkeit ihrer Verarbeitung bestimmen sich nach dem zugrundeliegenden Vertragsverh\u00e4ltnis. Dazu geh\u00f6ren grunds\u00e4tzlich Bestands- und Stammdaten der Personen (z.B., Name, Adresse, etc.), als auch die Kontaktdaten (z.B., E-Mailadresse, Telefon, etc.), die Vertragsdaten (z.B., in Anspruch genommene Leistungen, mitgeteilte Inhalte und Informationen, Namen von Kontaktpersonen) und sofern wir zahlungspflichtige Leistungen oder Produkte anbieten, Zahlungsdaten (z.B., Bankverbindung, Zahlungshistorie, etc.).<\/p>\n<p>Wir l\u00f6schen Daten, die zur Erbringung unserer satzungs- und gesch\u00e4ftsm\u00e4\u00dfigen Zwecke nicht mehr erforderlich sind. Dies bestimmt sich entsprechend der jeweiligen Aufgaben und vertraglichen Beziehungen. Im Fall gesch\u00e4ftlicher Verarbeitung bewahren wir die Daten so lange auf, wie sie zur Gesch\u00e4ftsabwicklung, als auch im Hinblick auf etwaige Gew\u00e4hrleistungs- oder Haftungspflichten relevant sein k\u00f6nnen. Die Erforderlichkeit der Aufbewahrung der Daten wird alle drei Jahre \u00fcberpr\u00fcft; im \u00dcbrigen gelten die gesetzlichen Aufbewahrungspflichten.<\/p>\n","protected":false},"excerpt":{"rendered":"<p>Datenschutz Datenschutz auf einen Blick Allgemeine Hinweise Die folgenden Hinweise geben einen einfachen \u00dcberblick dar\u00fcber, was mit Ihren personenbezogenen Daten passiert, wenn Sie unsere Website&hellip;<\/p>\n","protected":false},"author":1,"featured_media":0,"parent":0,"menu_order":0,"comment_status":"closed","ping_status":"closed","template":"","meta":{"footnotes":""},"class_list":["post-493","page","type-page","status-publish","hentry"],"_links":{"self":[{"href":"https:\/\/foerderverein-herzzentrum-saar.de\/index.php?rest_route=\/wp\/v2\/pages\/493","targetHints":{"allow":["GET"]}}],"collection":[{"href":"https:\/\/foerderverein-herzzentrum-saar.de\/index.php?rest_route=\/wp\/v2\/pages"}],"about":[{"href":"https:\/\/foerderverein-herzzentrum-saar.de\/index.php?rest_route=\/wp\/v2\/types\/page"}],"author":[{"embeddable":true,"href":"https:\/\/foerderverein-herzzentrum-saar.de\/index.php?rest_route=\/wp\/v2\/users\/1"}],"replies":[{"embeddable":true,"href":"https:\/\/foerderverein-herzzentrum-saar.de\/index.php?rest_route=%2Fwp%2Fv2%2Fcomments&post=493"}],"version-history":[{"count":4,"href":"https:\/\/foerderverein-herzzentrum-saar.de\/index.php?rest_route=\/wp\/v2\/pages\/493\/revisions"}],"predecessor-version":[{"id":3938,"href":"https:\/\/foerderverein-herzzentrum-saar.de\/index.php?rest_route=\/wp\/v2\/pages\/493\/revisions\/3938"}],"wp:attachment":[{"href":"https:\/\/foerderverein-herzzentrum-saar.de\/index.php?rest_route=%2Fwp%2Fv2%2Fmedia&parent=493"}],"curies":[{"name":"wp","href":"https:\/\/api.w.org\/{rel}","templated":true}]}}